{"id":240936,"date":"2024-09-11T20:07:13","date_gmt":"2024-09-11T18:07:13","guid":{"rendered":"https:\/\/losriosencolores.cl\/workshops\/"},"modified":"2025-11-10T19:57:46","modified_gmt":"2025-11-10T18:57:46","slug":"workshops","status":"publish","type":"page","link":"https:\/\/losriosencolores.cl\/en\/workshops\/","title":{"rendered":"Workshops"},"content":{"rendered":"<p>[et_pb_section fb_built=&#8221;1&#8243; _builder_version=&#8221;4.27.0&#8243; _module_preset=&#8221;default&#8221; custom_padding=&#8221;0px||140px||false|false&#8221; global_colors_info=&#8221;{}&#8221;][et_pb_row _builder_version=&#8221;4.27.0&#8243; _module_preset=&#8221;default&#8221; custom_margin=&#8221;||||false|false&#8221; border_color_all=&#8221;rgba(47,47,47,0.49)&#8221; border_width_top=&#8221;0.5px&#8221; locked=&#8221;off&#8221; global_colors_info=&#8221;{}&#8221;][et_pb_column type=&#8221;4_4&#8243; _builder_version=&#8221;4.27.0&#8243; _module_preset=&#8221;default&#8221; global_colors_info=&#8221;{}&#8221;][et_pb_text _builder_version=&#8221;4.27.0&#8243; _module_preset=&#8221;default&#8221; background_enable_color=&#8221;off&#8221; global_colors_info=&#8221;{}&#8221;]<a href=\"https:\/\/losriosencolores.cl\/en\/\">Home<\/a> &gt; Linkage &gt; <a href=\"https:\/\/www.losriosencolores.cl\/talleres-2\"><span style=\"color: #5173ad;\">Workshops<\/span><\/a>[\/et_pb_text][\/et_pb_column][\/et_pb_row][et_pb_row column_structure=&#8221;1_3,2_3&#8243; module_id=&#8221;teoria&#8221; _builder_version=&#8221;4.27.0&#8243; _module_preset=&#8221;default&#8221; locked=&#8221;off&#8221; global_colors_info=&#8221;{}&#8221;][et_pb_column type=&#8221;1_3&#8243; _builder_version=&#8221;4.27.0&#8243; _module_preset=&#8221;default&#8221; global_colors_info=&#8221;{}&#8221;][et_pb_text _builder_version=&#8221;4.27.4&#8243; _module_preset=&#8221;default&#8221; header_font=&#8221;||||||||&#8221; header_2_font=&#8221;Manrope|800||on|||||&#8221; header_2_text_color=&#8221;#1F69C6&#8243; header_2_font_size=&#8221;44px&#8221; header_2_letter_spacing=&#8221;1px&#8221; header_2_line_height=&#8221;1.3em&#8221; custom_margin=&#8221;-5px||||false|false&#8221; custom_padding=&#8221;||||false|false&#8221; animation_style=&#8221;slide&#8221; animation_direction=&#8221;bottom&#8221; animation_intensity_slide=&#8221;10%&#8221; header_2_font_size_tablet=&#8221;44px&#8221; header_2_font_size_phone=&#8221;36px&#8221; header_2_font_size_last_edited=&#8221;on|phone&#8221; global_colors_info=&#8221;{}&#8221;]<\/p>\n<h2>Workshops<\/h2>\n<p>[\/et_pb_text][et_pb_text _builder_version=&#8221;4.27.4&#8243; _module_preset=&#8221;default&#8221; header_font=&#8221;||||||||&#8221; header_2_font=&#8221;Manrope|800||on|||||&#8221; header_2_text_color=&#8221;#5173AD&#8221; header_2_font_size=&#8221;44px&#8221; header_2_letter_spacing=&#8221;3px&#8221; header_2_line_height=&#8221;1.3em&#8221; header_3_text_color=&#8221;#1F69C6&#8243; header_3_font_size=&#8221;28px&#8221; header_3_letter_spacing=&#8221;2px&#8221; custom_margin=&#8221;-5px||||false|false&#8221; custom_padding=&#8221;||||false|false&#8221; animation_style=&#8221;slide&#8221; animation_direction=&#8221;bottom&#8221; animation_intensity_slide=&#8221;10%&#8221; hover_enabled=&#8221;0&#8243; header_2_font_size_tablet=&#8221;44px&#8221; header_2_font_size_phone=&#8221;36px&#8221; header_2_font_size_last_edited=&#8221;on|phone&#8221; global_colors_info=&#8221;{}&#8221; sticky_enabled=&#8221;0&#8243;]<\/p>\n<h3><span class=\"pa-color-highlight\">Color Workshop in Lago Ranco<\/span><\/h3>\n<p>[\/et_pb_text][\/et_pb_column][et_pb_column type=&#8221;2_3&#8243; _builder_version=&#8221;4.27.0&#8243; _module_preset=&#8221;default&#8221; global_colors_info=&#8221;{}&#8221;][et_pb_text _builder_version=&#8221;4.27.4&#8243; _module_preset=&#8221;default&#8221; global_colors_info=&#8221;{}&#8221;]We held Color Workshops in three places in the region: the first one was in Lago Ranco, within the framework of the Winter Design Fair, where we assembled color palettes based on the collection of plant elements and their chromatic survey. The second was at the Rural School &#8220;Colonia Paillaco&#8221;, in the Commune of San Jos\u00e9 de la Mariquina, where we collected vegetable and mineral objects (stones) in the schoolyard. Then, the children named the color of each object collected with the logic of the project: first the color, then the name of the object and finally the place where it was collected. At the end, they did a color survey with samples of the Ceresita chart. The third workshop was held in Valdivia and was aimed at academics and students of the Universidad Austral de Chile, where the color of the environmental context was explored, based on visual comparison with color charts.[\/et_pb_text][et_pb_image src=&#8221;https:\/\/losriosencolores.cl\/wp-content\/uploads\/2024\/09\/142Talleres.jpg&#8221; title_text=&#8221;142Talleres&#8221; show_in_lightbox=&#8221;on&#8221; use_overlay=&#8221;on&#8221; overlay_icon_color=&#8221;#FFFFFF&#8221; hover_overlay_color=&#8221;rgba(81,115,173,0.44)&#8221; _builder_version=&#8221;4.27.0&#8243; _module_preset=&#8221;default&#8221; global_colors_info=&#8221;{}&#8221;][\/et_pb_image][\/et_pb_column][\/et_pb_row][et_pb_row column_structure=&#8221;1_3,2_3&#8243; module_id=&#8221;teoria&#8221; _builder_version=&#8221;4.27.0&#8243; _module_preset=&#8221;default&#8221; locked=&#8221;off&#8221; global_colors_info=&#8221;{}&#8221;][et_pb_column type=&#8221;1_3&#8243; _builder_version=&#8221;4.27.0&#8243; _module_preset=&#8221;default&#8221; global_colors_info=&#8221;{}&#8221;][et_pb_text _builder_version=&#8221;4.27.4&#8243; _module_preset=&#8221;default&#8221; header_font=&#8221;||||||||&#8221; header_2_font=&#8221;Manrope|800||on|||||&#8221; header_2_text_color=&#8221;#5173AD&#8221; header_2_font_size=&#8221;44px&#8221; header_2_letter_spacing=&#8221;3px&#8221; header_2_line_height=&#8221;1.3em&#8221; header_3_text_color=&#8221;#1F69C6&#8243; header_3_font_size=&#8221;28px&#8221; header_3_letter_spacing=&#8221;2px&#8221; custom_margin=&#8221;-5px||||false|false&#8221; custom_padding=&#8221;||||false|false&#8221; animation_style=&#8221;slide&#8221; animation_direction=&#8221;bottom&#8221; animation_intensity_slide=&#8221;10%&#8221; hover_enabled=&#8221;0&#8243; header_2_font_size_tablet=&#8221;44px&#8221; header_2_font_size_phone=&#8221;36px&#8221; header_2_font_size_last_edited=&#8221;on|phone&#8221; global_colors_info=&#8221;{}&#8221; sticky_enabled=&#8221;0&#8243;]<\/p>\n<h3><span class=\"pa-color-highlight\">Valdivia Workshop<\/span><\/h3>\n<p>[\/et_pb_text][\/et_pb_column][et_pb_column type=&#8221;2_3&#8243; _builder_version=&#8221;4.27.0&#8243; _module_preset=&#8221;default&#8221; global_colors_info=&#8221;{}&#8221;][et_pb_text _builder_version=&#8221;4.27.4&#8243; _module_preset=&#8221;default&#8221; global_colors_info=&#8221;{}&#8221;]In November we held the workshop &#8220;Los R\u00edos en Colores&#8221; in the auditorium of the School of Architecture of the UACh. The participants, after the presentation of the Fondart project, went out to measure chromatic atmospheres around the campus with a gray cardboard frame and a color chart. They also brought samples of plant material to the room, which we then took samples with pieces of color charts and gave them names. It was a short, introductory workshop, where there was experience, we talked and clarified some terms, but surely what remains is to continue knowing and learning about the colors of our region.[\/et_pb_text][\/et_pb_column][\/et_pb_row][et_pb_row column_structure=&#8221;1_3,2_3&#8243; module_id=&#8221;teoria&#8221; _builder_version=&#8221;4.27.0&#8243; _module_preset=&#8221;default&#8221; locked=&#8221;off&#8221; global_colors_info=&#8221;{}&#8221;][et_pb_column type=&#8221;1_3&#8243; _builder_version=&#8221;4.27.0&#8243; _module_preset=&#8221;default&#8221; global_colors_info=&#8221;{}&#8221;][et_pb_text _builder_version=&#8221;4.27.4&#8243; _module_preset=&#8221;default&#8221; header_font=&#8221;||||||||&#8221; header_2_font=&#8221;Manrope|800||on|||||&#8221; header_2_text_color=&#8221;#5173AD&#8221; header_2_font_size=&#8221;44px&#8221; header_2_letter_spacing=&#8221;3px&#8221; header_2_line_height=&#8221;1.3em&#8221; header_3_text_color=&#8221;#1F69C6&#8243; header_3_font_size=&#8221;28px&#8221; header_3_letter_spacing=&#8221;2px&#8221; custom_margin=&#8221;-5px||||false|false&#8221; custom_padding=&#8221;||||false|false&#8221; animation_style=&#8221;slide&#8221; animation_direction=&#8221;bottom&#8221; animation_intensity_slide=&#8221;10%&#8221; hover_enabled=&#8221;0&#8243; header_2_font_size_tablet=&#8221;44px&#8221; header_2_font_size_phone=&#8221;36px&#8221; header_2_font_size_last_edited=&#8221;on|phone&#8221; global_colors_info=&#8221;{}&#8221; sticky_enabled=&#8221;0&#8243;]<\/p>\n<h3><span class=\"pa-color-highlight\">San Jos\u00e9 de la Mariquina Workshop<\/span><\/h3>\n<p>[\/et_pb_text][\/et_pb_column][et_pb_column type=&#8221;2_3&#8243; _builder_version=&#8221;4.27.0&#8243; _module_preset=&#8221;default&#8221; global_colors_info=&#8221;{}&#8221;][et_pb_text _builder_version=&#8221;4.27.4&#8243; _module_preset=&#8221;default&#8221; global_colors_info=&#8221;{}&#8221;]In September we carried out the workshop &#8220;Los R\u00edos en Colores&#8221; at the Rural School &#8220;Colonia Paillaco&#8221; in San Jos\u00e9 de la Mariquina. The children behaved wonderfully, they looked for natural elements in the school yard, we measured them by visual comparison with the Ceresita chart and baptized them with local names, how could it not be better for a &#8220;Westerly Tan&#8221; to be called &#8220;Blanco Dig\u00fce\u00f1e Colonia Paillaco&#8221;? Finally we managed to get a beautiful chart of 28 colors, (some of them &#8220;borrowed&#8221; from Valdivia), and we said goodbye with some colored blocks and pencils for everyone. We were welcomed by the enthusiastic teacher Denis Mu\u00f1oz through Karin M\u00fcller, from the DAEM of San Jos\u00e9. [\/et_pb_text][\/et_pb_column][\/et_pb_row][\/et_pb_section]<\/p>\n","protected":false},"excerpt":{"rendered":"<p>Home &gt; Linkage &gt; WorkshopsWorkshopsColor Workshop in Lago RancoWe held Color Workshops in three places in the region: the first one was in Lago Ranco, within the framework of the Winter Design Fair, where we assembled color palettes based on the collection of plant elements and their chromatic survey. The second was at the Rural [&hellip;]<\/p>\n","protected":false},"author":1,"featured_media":0,"parent":0,"menu_order":0,"comment_status":"closed","ping_status":"closed","template":"","meta":{"_acf_changed":false,"_et_pb_use_builder":"on","_et_pb_old_content":"","_et_gb_content_width":"","footnotes":""},"class_list":["post-240936","page","type-page","status-publish","hentry"],"acf":[],"yoast_head":"<!-- This site is optimized with the Yoast SEO plugin v27.2 - https:\/\/yoast.com\/product\/yoast-seo-wordpress\/ -->\n<title>Workshops - Los r\u00edos en colores<\/title>\n<meta name=\"robots\" content=\"index, follow, max-snippet:-1, max-image-preview:large, max-video-preview:-1\" \/>\n<link rel=\"canonical\" href=\"https:\/\/losriosencolores.cl\/en\/workshops\/\" \/>\n<meta property=\"og:locale\" content=\"en_US\" \/>\n<meta property=\"og:type\" content=\"article\" \/>\n<meta property=\"og:title\" content=\"Workshops - Los r\u00edos en colores\" \/>\n<meta property=\"og:description\" content=\"Home &gt; Linkage &gt; WorkshopsWorkshopsColor Workshop in Lago RancoWe held Color Workshops in three places in the region: the first one was in Lago Ranco, within the framework of the Winter Design Fair, where we assembled color palettes based on the collection of plant elements and their chromatic survey. The second was at the Rural [&hellip;]\" \/>\n<meta property=\"og:url\" content=\"https:\/\/losriosencolores.cl\/en\/workshops\/\" \/>\n<meta property=\"og:site_name\" content=\"Los r\u00edos en colores\" \/>\n<meta property=\"article:modified_time\" content=\"2025-11-10T18:57:46+00:00\" \/>\n<meta property=\"og:image\" content=\"https:\/\/losriosencolores.cl\/wp-content\/uploads\/2025\/11\/icono-colores.webp\" \/>\n\t<meta property=\"og:image:width\" content=\"675\" \/>\n\t<meta property=\"og:image:height\" content=\"675\" \/>\n\t<meta property=\"og:image:type\" content=\"image\/webp\" \/>\n<meta name=\"twitter:card\" content=\"summary_large_image\" \/>\n<meta name=\"twitter:label1\" content=\"Est. reading time\" \/>\n\t<meta name=\"twitter:data1\" content=\"5 minutes\" \/>\n<script type=\"application\/ld+json\" class=\"yoast-schema-graph\">{\"@context\":\"https:\/\/schema.org\",\"@graph\":[{\"@type\":\"WebPage\",\"@id\":\"https:\/\/losriosencolores.cl\/en\/workshops\/\",\"url\":\"https:\/\/losriosencolores.cl\/en\/workshops\/\",\"name\":\"Workshops - Los r\u00edos en colores\",\"isPartOf\":{\"@id\":\"https:\/\/losriosencolores.cl\/#website\"},\"datePublished\":\"2024-09-11T18:07:13+00:00\",\"dateModified\":\"2025-11-10T18:57:46+00:00\",\"breadcrumb\":{\"@id\":\"https:\/\/losriosencolores.cl\/en\/workshops\/#breadcrumb\"},\"inLanguage\":\"en-US\",\"potentialAction\":[{\"@type\":\"ReadAction\",\"target\":[\"https:\/\/losriosencolores.cl\/en\/workshops\/\"]}]},{\"@type\":\"BreadcrumbList\",\"@id\":\"https:\/\/losriosencolores.cl\/en\/workshops\/#breadcrumb\",\"itemListElement\":[{\"@type\":\"ListItem\",\"position\":1,\"name\":\"Portada\",\"item\":\"https:\/\/losriosencolores.cl\/en\/home\/\"},{\"@type\":\"ListItem\",\"position\":2,\"name\":\"Workshops\"}]},{\"@type\":\"WebSite\",\"@id\":\"https:\/\/losriosencolores.cl\/#website\",\"url\":\"https:\/\/losriosencolores.cl\/\",\"name\":\"Los r\u00edos en colores\",\"description\":\"Estudios del color\",\"publisher\":{\"@id\":\"https:\/\/losriosencolores.cl\/#\/schema\/person\/f03a94345678e5a41558d0901e431ed8\"},\"potentialAction\":[{\"@type\":\"SearchAction\",\"target\":{\"@type\":\"EntryPoint\",\"urlTemplate\":\"https:\/\/losriosencolores.cl\/?s={search_term_string}\"},\"query-input\":{\"@type\":\"PropertyValueSpecification\",\"valueRequired\":true,\"valueName\":\"search_term_string\"}}],\"inLanguage\":\"en-US\"},{\"@type\":[\"Person\",\"Organization\"],\"@id\":\"https:\/\/losriosencolores.cl\/#\/schema\/person\/f03a94345678e5a41558d0901e431ed8\",\"name\":\"losriosencolores\",\"image\":{\"@type\":\"ImageObject\",\"inLanguage\":\"en-US\",\"@id\":\"https:\/\/losriosencolores.cl\/wp-content\/uploads\/2025\/11\/avatar.png\",\"url\":\"https:\/\/losriosencolores.cl\/wp-content\/uploads\/2025\/11\/avatar.png\",\"contentUrl\":\"https:\/\/losriosencolores.cl\/wp-content\/uploads\/2025\/11\/avatar.png\",\"width\":696,\"height\":696,\"caption\":\"losriosencolores\"},\"logo\":{\"@id\":\"https:\/\/losriosencolores.cl\/wp-content\/uploads\/2025\/11\/avatar.png\"}}]}<\/script>\n<!-- \/ Yoast SEO plugin. -->","yoast_head_json":{"title":"Workshops - Los r\u00edos en colores","robots":{"index":"index","follow":"follow","max-snippet":"max-snippet:-1","max-image-preview":"max-image-preview:large","max-video-preview":"max-video-preview:-1"},"canonical":"https:\/\/losriosencolores.cl\/en\/workshops\/","og_locale":"en_US","og_type":"article","og_title":"Workshops - Los r\u00edos en colores","og_description":"Home &gt; Linkage &gt; WorkshopsWorkshopsColor Workshop in Lago RancoWe held Color Workshops in three places in the region: the first one was in Lago Ranco, within the framework of the Winter Design Fair, where we assembled color palettes based on the collection of plant elements and their chromatic survey. The second was at the Rural [&hellip;]","og_url":"https:\/\/losriosencolores.cl\/en\/workshops\/","og_site_name":"Los r\u00edos en colores","article_modified_time":"2025-11-10T18:57:46+00:00","og_image":[{"width":675,"height":675,"url":"https:\/\/losriosencolores.cl\/wp-content\/uploads\/2025\/11\/icono-colores.webp","type":"image\/webp"}],"twitter_card":"summary_large_image","twitter_misc":{"Est. reading time":"5 minutes"},"schema":{"@context":"https:\/\/schema.org","@graph":[{"@type":"WebPage","@id":"https:\/\/losriosencolores.cl\/en\/workshops\/","url":"https:\/\/losriosencolores.cl\/en\/workshops\/","name":"Workshops - Los r\u00edos en colores","isPartOf":{"@id":"https:\/\/losriosencolores.cl\/#website"},"datePublished":"2024-09-11T18:07:13+00:00","dateModified":"2025-11-10T18:57:46+00:00","breadcrumb":{"@id":"https:\/\/losriosencolores.cl\/en\/workshops\/#breadcrumb"},"inLanguage":"en-US","potentialAction":[{"@type":"ReadAction","target":["https:\/\/losriosencolores.cl\/en\/workshops\/"]}]},{"@type":"BreadcrumbList","@id":"https:\/\/losriosencolores.cl\/en\/workshops\/#breadcrumb","itemListElement":[{"@type":"ListItem","position":1,"name":"Portada","item":"https:\/\/losriosencolores.cl\/en\/home\/"},{"@type":"ListItem","position":2,"name":"Workshops"}]},{"@type":"WebSite","@id":"https:\/\/losriosencolores.cl\/#website","url":"https:\/\/losriosencolores.cl\/","name":"Los r\u00edos en colores","description":"Estudios del color","publisher":{"@id":"https:\/\/losriosencolores.cl\/#\/schema\/person\/f03a94345678e5a41558d0901e431ed8"},"potentialAction":[{"@type":"SearchAction","target":{"@type":"EntryPoint","urlTemplate":"https:\/\/losriosencolores.cl\/?s={search_term_string}"},"query-input":{"@type":"PropertyValueSpecification","valueRequired":true,"valueName":"search_term_string"}}],"inLanguage":"en-US"},{"@type":["Person","Organization"],"@id":"https:\/\/losriosencolores.cl\/#\/schema\/person\/f03a94345678e5a41558d0901e431ed8","name":"losriosencolores","image":{"@type":"ImageObject","inLanguage":"en-US","@id":"https:\/\/losriosencolores.cl\/wp-content\/uploads\/2025\/11\/avatar.png","url":"https:\/\/losriosencolores.cl\/wp-content\/uploads\/2025\/11\/avatar.png","contentUrl":"https:\/\/losriosencolores.cl\/wp-content\/uploads\/2025\/11\/avatar.png","width":696,"height":696,"caption":"losriosencolores"},"logo":{"@id":"https:\/\/losriosencolores.cl\/wp-content\/uploads\/2025\/11\/avatar.png"}}]}},"_links":{"self":[{"href":"https:\/\/losriosencolores.cl\/en\/wp-json\/wp\/v2\/pages\/240936","targetHints":{"allow":["GET"]}}],"collection":[{"href":"https:\/\/losriosencolores.cl\/en\/wp-json\/wp\/v2\/pages"}],"about":[{"href":"https:\/\/losriosencolores.cl\/en\/wp-json\/wp\/v2\/types\/page"}],"author":[{"embeddable":true,"href":"https:\/\/losriosencolores.cl\/en\/wp-json\/wp\/v2\/users\/1"}],"replies":[{"embeddable":true,"href":"https:\/\/losriosencolores.cl\/en\/wp-json\/wp\/v2\/comments?post=240936"}],"version-history":[{"count":8,"href":"https:\/\/losriosencolores.cl\/en\/wp-json\/wp\/v2\/pages\/240936\/revisions"}],"predecessor-version":[{"id":242842,"href":"https:\/\/losriosencolores.cl\/en\/wp-json\/wp\/v2\/pages\/240936\/revisions\/242842"}],"wp:attachment":[{"href":"https:\/\/losriosencolores.cl\/en\/wp-json\/wp\/v2\/media?parent=240936"}],"curies":[{"name":"wp","href":"https:\/\/api.w.org\/{rel}","templated":true}]}}