{"id":240933,"date":"2024-09-02T22:27:44","date_gmt":"2024-09-02T20:27:44","guid":{"rendered":"https:\/\/losriosencolores.cl\/we-are\/"},"modified":"2025-03-18T14:07:05","modified_gmt":"2025-03-18T13:07:05","slug":"we-are","status":"publish","type":"page","link":"https:\/\/losriosencolores.cl\/en\/we-are\/","title":{"rendered":"Team"},"content":{"rendered":"<p>[et_pb_section fb_built=&#8221;1&#8243; _builder_version=&#8221;4.27.0&#8243; _module_preset=&#8221;default&#8221; custom_padding=&#8221;0px||120px||false|false&#8221; global_colors_info=&#8221;{}&#8221;][et_pb_row _builder_version=&#8221;4.27.0&#8243; _module_preset=&#8221;default&#8221; custom_margin=&#8221;||||false|false&#8221; border_color_all=&#8221;rgba(47,47,47,0.49)&#8221; border_width_top=&#8221;0.5px&#8221; locked=&#8221;off&#8221; global_colors_info=&#8221;{}&#8221;][et_pb_column type=&#8221;4_4&#8243; _builder_version=&#8221;4.27.0&#8243; _module_preset=&#8221;default&#8221; global_colors_info=&#8221;{}&#8221;][et_pb_text _builder_version=&#8221;4.27.0&#8243; _module_preset=&#8221;default&#8221; background_enable_color=&#8221;off&#8221; global_colors_info=&#8221;{}&#8221;]<a href=\"https:\/\/www.losriosencolores.cl\">Home<\/a> &gt; Project &gt; <a href=\"https:\/\/www.losriosencolores.cl\/somos\"><span style=\"color: #5173ad;\">We are<\/span><\/a>[\/et_pb_text][\/et_pb_column][\/et_pb_row][et_pb_row column_structure=&#8221;1_3,1_3,1_3&#8243; _builder_version=&#8221;4.27.0&#8243; _module_preset=&#8221;default&#8221; global_colors_info=&#8221;{}&#8221; width=&#8221;72.4%&#8221;][et_pb_column type=&#8221;1_3&#8243; _builder_version=&#8221;4.27.0&#8243; _module_preset=&#8221;default&#8221; global_colors_info=&#8221;{}&#8221;][et_pb_text _builder_version=&#8221;4.27.4&#8243; _module_preset=&#8221;default&#8221; header_2_font=&#8221;&#8211;et_global_body_font|800||on|||||&#8221; header_2_text_color=&#8221;#1F69C6&#8243; header_2_font_size=&#8221;44px&#8221; header_2_letter_spacing=&#8221;1px&#8221; global_colors_info=&#8221;{}&#8221;]<\/p>\n<h2>Team<\/h2>\n<p>[\/et_pb_text][et_pb_text _builder_version=&#8221;4.27.0&#8243; _module_preset=&#8221;default&#8221; text_font_size=&#8221;16px&#8221; text_line_height=&#8221;1.8em&#8221; global_colors_info=&#8221;{}&#8221;]<\/p>\n<p>The interdisciplinary team working on this project is made up of academics, professionals and students from Universidad Austral de Chile.<\/p>\n<p>[\/et_pb_text][\/et_pb_column][et_pb_column type=&#8221;1_3&#8243; _builder_version=&#8221;4.27.0&#8243; _module_preset=&#8221;default&#8221; global_colors_info=&#8221;{}&#8221;][dizo_image_hover image=&#8221;https:\/\/losriosencolores.cl\/wp-content\/uploads\/2024\/09\/ElisaCordero.jpg&#8221; effect_style=&#8221;adv&#8221; advanced_style=&#8221;dzhvr-strip-shutter-right&#8221; t_prefix=&#8221;Elisa Cordero-Jahr&#8221; content_text=&#8221;<\/p>\n<p>Graphic Designer<\/p>\n<p>&#8221; button_url_new_window=&#8221;1&#8243; content_valign=&#8221;on&#8221; overlay_bgcolor=&#8221;rgba(43,85,135,0.7)&#8221; overlay_color_gradient_1=&#8221;rgba(49,52,247,0.76)&#8221; overlay_color_gradient_2=&#8221;rgba(41,196,169,0.58)&#8221; overlay_above_image=&#8221;on&#8221; module_link_url_new_window=&#8221;1&#8243; _builder_version=&#8221;4.27.4&#8243; title_font=&#8221;|700|||||||&#8221; content_font=&#8221;|300|||||||&#8221; content_line_height=&#8221;1.5em&#8221; hover_enabled=&#8221;0&#8243; locked=&#8221;off&#8221; global_colors_info=&#8221;{}&#8221; overlay_color_gradient_1__hover=&#8221;#e02b20&#8243; overlay_color_gradient_1__hover_enabled=&#8221;off|hover&#8221; overlay_color_gradient_2__hover=&#8221;#edf000&#8243; overlay_color_gradient_2__hover_enabled=&#8221;off|hover&#8221; sticky_enabled=&#8221;0&#8243;][\/dizo_image_hover][dizo_image_hover image=&#8221;https:\/\/losriosencolores.cl\/wp-content\/uploads\/2024\/09\/carlos-rojas.jpg&#8221; effect_style=&#8221;adv&#8221; advanced_style=&#8221;dzhvr-strip-shutter-right&#8221; t_prefix=&#8221;Carlos Rojas&#8221; content_text=&#8221;<\/p>\n<p>Geographer<\/p>\n<p>&#8221; button_url_new_window=&#8221;1&#8243; content_valign=&#8221;on&#8221; overlay_bgcolor=&#8221;rgba(43,85,135,0.7)&#8221; overlay_color_gradient_1=&#8221;rgba(49,52,247,0.76)&#8221; overlay_color_gradient_2=&#8221;rgba(41,196,169,0.58)&#8221; overlay_above_image=&#8221;on&#8221; module_link_url_new_window=&#8221;1&#8243; _builder_version=&#8221;4.27.0&#8243; title_font=&#8221;|700|||||||&#8221; content_font=&#8221;|300|||||||&#8221; content_line_height=&#8221;1.5em&#8221; locked=&#8221;off&#8221; global_colors_info=&#8221;{}&#8221; overlay_color_gradient_1__hover=&#8221;#e02b20&#8243; overlay_color_gradient_1__hover_enabled=&#8221;off|hover&#8221; overlay_color_gradient_2__hover=&#8221;#edf000&#8243; overlay_color_gradient_2__hover_enabled=&#8221;off|hover&#8221;][\/dizo_image_hover][dizo_image_hover image=&#8221;https:\/\/losriosencolores.cl\/wp-content\/uploads\/2024\/09\/IngridCalvo.jpg&#8221; effect_style=&#8221;adv&#8221; advanced_style=&#8221;dzhvr-strip-shutter-right&#8221; t_prefix=&#8221;Ingrid Calvo&#8221; content_text=&#8221;<\/p>\n<p>Designer \/ Color Consultant<\/p>\n<p>&#8221; button_url_new_window=&#8221;1&#8243; content_valign=&#8221;on&#8221; overlay_bgcolor=&#8221;rgba(43,85,135,0.7)&#8221; overlay_color_gradient_1=&#8221;rgba(49,52,247,0.76)&#8221; overlay_color_gradient_2=&#8221;rgba(41,196,169,0.58)&#8221; overlay_above_image=&#8221;on&#8221; module_link_url_new_window=&#8221;1&#8243; _builder_version=&#8221;4.27.0&#8243; title_font=&#8221;|700|||||||&#8221; content_font=&#8221;|300|||||||&#8221; content_line_height=&#8221;1.5em&#8221; locked=&#8221;off&#8221; global_colors_info=&#8221;{}&#8221; overlay_color_gradient_1__hover=&#8221;#e02b20&#8243; overlay_color_gradient_1__hover_enabled=&#8221;off|hover&#8221; overlay_color_gradient_2__hover=&#8221;#edf000&#8243; overlay_color_gradient_2__hover_enabled=&#8221;off|hover&#8221;][\/dizo_image_hover][dizo_image_hover image=&#8221;https:\/\/losriosencolores.cl\/wp-content\/uploads\/2024\/09\/camila-gomez-maranon.jpg&#8221; effect_style=&#8221;adv&#8221; advanced_style=&#8221;dzhvr-strip-shutter-right&#8221; t_prefix=&#8221;Camila G\u00f3mez-Mara\u00f1\u00f3n &#8221; content_text=&#8221;<\/p>\n<p>Designer<\/p>\n<p>&#8221; button_url_new_window=&#8221;1&#8243; content_valign=&#8221;on&#8221; overlay_bgcolor=&#8221;rgba(43,85,135,0.7)&#8221; overlay_color_gradient_1=&#8221;rgba(49,52,247,0.76)&#8221; overlay_color_gradient_2=&#8221;rgba(41,196,169,0.58)&#8221; overlay_above_image=&#8221;on&#8221; module_link_url_new_window=&#8221;1&#8243; _builder_version=&#8221;4.27.0&#8243; title_font=&#8221;|700|||||||&#8221; content_font=&#8221;|300|||||||&#8221; content_line_height=&#8221;1.5em&#8221; locked=&#8221;off&#8221; global_colors_info=&#8221;{}&#8221; overlay_color_gradient_1__hover=&#8221;#e02b20&#8243; overlay_color_gradient_1__hover_enabled=&#8221;off|hover&#8221; overlay_color_gradient_2__hover=&#8221;#edf000&#8243; overlay_color_gradient_2__hover_enabled=&#8221;off|hover&#8221;][\/dizo_image_hover][dizo_image_hover image=&#8221;https:\/\/losriosencolores.cl\/wp-content\/uploads\/2024\/09\/natalia-figueroa.jpg&#8221; effect_style=&#8221;adv&#8221; advanced_style=&#8221;dzhvr-strip-shutter-right&#8221; t_prefix=&#8221;Natalia Figueroa&#8221; content_text=&#8221;Design Student&#8221; button_url_new_window=&#8221;1&#8243; content_valign=&#8221;on&#8221; overlay_bgcolor=&#8221;rgba(43,85,135,0.7)&#8221; overlay_color_gradient_1=&#8221;rgba(49,52,247,0.76)&#8221; overlay_color_gradient_2=&#8221;rgba(41,196,169,0.58)&#8221; overlay_above_image=&#8221;on&#8221; module_link_url_new_window=&#8221;1&#8243; _builder_version=&#8221;4.27.0&#8243; title_font=&#8221;|700|||||||&#8221; content_font=&#8221;|300|||||||&#8221; content_line_height=&#8221;1.5em&#8221; locked=&#8221;off&#8221; global_colors_info=&#8221;{}&#8221; overlay_color_gradient_1__hover=&#8221;#e02b20&#8243; overlay_color_gradient_1__hover_enabled=&#8221;off|hover&#8221; overlay_color_gradient_2__hover=&#8221;#edf000&#8243; overlay_color_gradient_2__hover_enabled=&#8221;off|hover&#8221;][\/dizo_image_hover][\/et_pb_column][et_pb_column type=&#8221;1_3&#8243; _builder_version=&#8221;4.27.0&#8243; _module_preset=&#8221;default&#8221; global_colors_info=&#8221;{}&#8221;][dizo_image_hover image=&#8221;https:\/\/losriosencolores.cl\/wp-content\/uploads\/2024\/09\/victor-gerding.jpg&#8221; effect_style=&#8221;adv&#8221; advanced_style=&#8221;dzhvr-strip-shutter-right&#8221; t_prefix=&#8221;Victor Gerding&#8221; content_text=&#8221;Forestry Engineer &#8221; button_url_new_window=&#8221;1&#8243; content_valign=&#8221;on&#8221; overlay_bgcolor=&#8221;rgba(43,85,135,0.7)&#8221; overlay_color_gradient_1=&#8221;rgba(49,52,247,0.76)&#8221; overlay_color_gradient_2=&#8221;rgba(41,196,169,0.58)&#8221; overlay_above_image=&#8221;on&#8221; module_link_url_new_window=&#8221;1&#8243; _builder_version=&#8221;4.27.4&#8243; title_font=&#8221;|700|||||||&#8221; content_font=&#8221;|300|||||||&#8221; content_line_height=&#8221;1.5em&#8221; locked=&#8221;off&#8221; global_colors_info=&#8221;{}&#8221; overlay_color_gradient_1__hover=&#8221;#e02b20&#8243; overlay_color_gradient_1__hover_enabled=&#8221;off|hover&#8221; overlay_color_gradient_2__hover=&#8221;#edf000&#8243; overlay_color_gradient_2__hover_enabled=&#8221;off|hover&#8221;][\/dizo_image_hover][dizo_image_hover image=&#8221;https:\/\/losriosencolores.cl\/wp-content\/uploads\/2024\/09\/ErendiraMartinez.jpg&#8221; effect_style=&#8221;adv&#8221; advanced_style=&#8221;dzhvr-strip-shutter-right&#8221; t_prefix=&#8221;Er\u00e9ndira Mart\u00ednez&#8221; content_text=&#8221;<\/p>\n<p>Graphic Designer<\/p>\n<p>&#8221; button_url_new_window=&#8221;1&#8243; content_valign=&#8221;on&#8221; overlay_bgcolor=&#8221;rgba(43,85,135,0.7)&#8221; overlay_color_gradient_1=&#8221;rgba(49,52,247,0.76)&#8221; overlay_color_gradient_2=&#8221;rgba(41,196,169,0.58)&#8221; overlay_above_image=&#8221;on&#8221; module_link_url_new_window=&#8221;1&#8243; _builder_version=&#8221;4.27.0&#8243; title_font=&#8221;|700|||||||&#8221; content_font=&#8221;|300|||||||&#8221; content_line_height=&#8221;1.5em&#8221; locked=&#8221;off&#8221; global_colors_info=&#8221;{}&#8221; overlay_color_gradient_1__hover=&#8221;#e02b20&#8243; overlay_color_gradient_1__hover_enabled=&#8221;off|hover&#8221; overlay_color_gradient_2__hover=&#8221;#edf000&#8243; overlay_color_gradient_2__hover_enabled=&#8221;off|hover&#8221;][\/dizo_image_hover][dizo_image_hover image=&#8221;https:\/\/losriosencolores.cl\/wp-content\/uploads\/2024\/09\/catalina-garcia.jpg&#8221; effect_style=&#8221;adv&#8221; advanced_style=&#8221;dzhvr-strip-shutter-right&#8221; t_prefix=&#8221;Catalina Garcia&#8221; content_text=&#8221;Designer&#8221; button_url_new_window=&#8221;1&#8243; content_valign=&#8221;on&#8221; overlay_bgcolor=&#8221;rgba(43,85,135,0.7)&#8221; overlay_color_gradient_1=&#8221;rgba(49,52,247,0.76)&#8221; overlay_color_gradient_2=&#8221;rgba(41,196,169,0.58)&#8221; overlay_above_image=&#8221;on&#8221; module_link_url_new_window=&#8221;1&#8243; _builder_version=&#8221;4.27.4&#8243; title_font=&#8221;|700|||||||&#8221; content_font=&#8221;|300|||||||&#8221; content_line_height=&#8221;1.5em&#8221; locked=&#8221;off&#8221; global_colors_info=&#8221;{}&#8221; overlay_color_gradient_1__hover=&#8221;#e02b20&#8243; overlay_color_gradient_1__hover_enabled=&#8221;off|hover&#8221; overlay_color_gradient_2__hover=&#8221;#edf000&#8243; overlay_color_gradient_2__hover_enabled=&#8221;off|hover&#8221;][\/dizo_image_hover][dizo_image_hover image=&#8221;https:\/\/losriosencolores.cl\/wp-content\/uploads\/2024\/09\/belen-barrera.jpg&#8221; effect_style=&#8221;adv&#8221; advanced_style=&#8221;dzhvr-strip-shutter-right&#8221; t_prefix=&#8221;Belen Barrera&#8221; content_text=&#8221;<\/p>\n<p>Designer<\/p>\n<p>&#8221; button_url_new_window=&#8221;1&#8243; content_valign=&#8221;on&#8221; overlay_bgcolor=&#8221;rgba(43,85,135,0.7)&#8221; overlay_color_gradient_1=&#8221;rgba(49,52,247,0.76)&#8221; overlay_color_gradient_2=&#8221;rgba(41,196,169,0.58)&#8221; overlay_above_image=&#8221;on&#8221; module_link_url_new_window=&#8221;1&#8243; _builder_version=&#8221;4.27.0&#8243; title_font=&#8221;|700|||||||&#8221; content_font=&#8221;|300|||||||&#8221; content_line_height=&#8221;1.5em&#8221; locked=&#8221;off&#8221; global_colors_info=&#8221;{}&#8221; overlay_color_gradient_1__hover=&#8221;#e02b20&#8243; overlay_color_gradient_1__hover_enabled=&#8221;off|hover&#8221; overlay_color_gradient_2__hover=&#8221;#edf000&#8243; overlay_color_gradient_2__hover_enabled=&#8221;off|hover&#8221;][\/dizo_image_hover][dizo_image_hover image=&#8221;https:\/\/losriosencolores.cl\/wp-content\/uploads\/2024\/09\/andrea-aburto.jpg&#8221; effect_style=&#8221;adv&#8221; advanced_style=&#8221;dzhvr-strip-shutter-right&#8221; t_prefix=&#8221;Andrea Aburto&#8221; content_text=&#8221;<\/p>\n<p>Business Administration Engineer<\/p>\n<p>&#8221; button_url_new_window=&#8221;1&#8243; content_valign=&#8221;on&#8221; overlay_bgcolor=&#8221;rgba(43,85,135,0.7)&#8221; overlay_color_gradient_1=&#8221;rgba(49,52,247,0.76)&#8221; overlay_color_gradient_2=&#8221;rgba(41,196,169,0.58)&#8221; overlay_above_image=&#8221;on&#8221; module_link_url_new_window=&#8221;1&#8243; _builder_version=&#8221;4.27.0&#8243; title_font=&#8221;|700|||||||&#8221; content_font=&#8221;|300|||||||&#8221; content_line_height=&#8221;1.5em&#8221; locked=&#8221;off&#8221; global_colors_info=&#8221;{}&#8221; overlay_color_gradient_1__hover=&#8221;#e02b20&#8243; overlay_color_gradient_1__hover_enabled=&#8221;off|hover&#8221; overlay_color_gradient_2__hover=&#8221;#edf000&#8243; overlay_color_gradient_2__hover_enabled=&#8221;off|hover&#8221;][\/dizo_image_hover][\/et_pb_column][\/et_pb_row][et_pb_row column_structure=&#8221;1_3,2_3&#8243; _builder_version=&#8221;4.27.0&#8243; _module_preset=&#8221;default&#8221; global_colors_info=&#8221;{}&#8221;][et_pb_column type=&#8221;1_3&#8243; _builder_version=&#8221;4.27.0&#8243; _module_preset=&#8221;default&#8221; global_colors_info=&#8221;{}&#8221;][et_pb_text _builder_version=&#8221;4.27.0&#8243; _module_preset=&#8221;default&#8221; header_3_text_color=&#8221;#5173AD&#8221; header_3_font_size=&#8221;24px&#8221; header_3_line_height=&#8221;1.4em&#8221; global_colors_info=&#8221;{}&#8221;]<\/p>\n<h3>Design and assembly team<br \/>exhibition<\/h3>\n<p>[\/et_pb_text][\/et_pb_column][et_pb_column type=&#8221;2_3&#8243; _builder_version=&#8221;4.27.0&#8243; _module_preset=&#8221;default&#8221; global_colors_info=&#8221;{}&#8221;][et_pb_text _builder_version=&#8221;4.27.0&#8243; _module_preset=&#8221;default&#8221; text_font_size=&#8221;16px&#8221; text_line_height=&#8221;1.8em&#8221; global_colors_info=&#8221;{}&#8221;]Manuel Toledo, Designer PUCV, Academic UACh.<br \/>\nCamila Hern\u00e1ndez, Designer PUCV, Academic UACh.<br \/>\nConstanza Garrido, Designer PUCV.<br \/>\nG\u00e9nesis Alvarado, Design student UACh.[\/et_pb_text][\/et_pb_column][\/et_pb_row][\/et_pb_section]<\/p>\n","protected":false},"excerpt":{"rendered":"<p>Home &gt; Project &gt; We areTeamThe interdisciplinary team working on this project is made up of academics, professionals and students from Universidad Austral de Chile.<div class=\"et_pb_module dizo_image_hover dizo_image_hover_0 dizo_bg_img\">\n\t\t\t\t\n\t\t\t\t\n\t\t\t\t\n\t\t\t\t\n\t\t\t\t\n\t\t\t\t\n\t\t\t\t<div class=\"et_pb_module_inner\">\n\t\t\t\t\t<div class=\"dih_container \">\r\n\t\t\t\t<div class = \"dih_img_wrapper advanced_style dzhvr-strip-shutter-right\">\r\n\t\t\t\t\t<div class = \"dih_image\"><img decoding=\"async\" src=\"https:\/\/losriosencolores.cl\/wp-content\/uploads\/2024\/09\/ElisaCordero.jpg\" alt=\"\"\/><\/div>\r\n\t\t\t\t\t\r\n\t\t\t\t\t\r\n\t\t\t\t\t<div class =\"dih_content_wrapper\">\r\n\t\t\t\t\t\t<div class = \"dih_content\">\r\n\t\t\t\t\t\t<h2 class = \"dih_title\">\r\n\t\t\t<span class = \"prefix\">Elisa Cordero-Jahr<\/span> \r\n\t\t\t \r\n\t\t\t\r\n\t\t\t<\/h2>\r\n\t\t\t\t\t\t<div class =\"dih_text\">\r\n\t\t\tGraphic Designer\r\n\t\t\t\r\n\t\t\t<\/div>\r\n\t\t\t\t\t\t\r\n\t\t\t\t\t\t<\/div>\r\n\t\t\t\t<\/div>\r\n\t\t\t\t\r\n\t\t\t<\/div>\r\n\t\t\t<\/div>\n\t\t\t\t<\/div>\n\t\t\t<\/div><div class=\"et_pb_module dizo_image_hover dizo_image_hover_1 dizo_bg_img\">\n\t\t\t\t\n\t\t\t\t\n\t\t\t\t\n\t\t\t\t\n\t\t\t\t\n\t\t\t\t\n\t\t\t\t<div class=\"et_pb_module_inner\">\n\t\t\t\t\t<div class=\"dih_container \">\r\n\t\t\t\t<div class = \"dih_img_wrapper \">\r\n\t\t\t\t\t<div class = \"dih_image\"><img decoding=\"async\" src=\"\" alt=\"\"\/><\/div>\r\n\t\t\t\t\t\r\n\t\t\t\t\t\r\n\t\t\t\t\t<div class =\"dih_content_wrapper\">\r\n\t\t\t\t\t\t<div class = \"dih_content\">\r\n\t\t\t\t\t\t<h2 class = \"dih_title\">\r\n\t\t\t<span class = \"prefix\">&#8221;Carlos<\/span> \r\n\t\t\t \r\n\t\t\t\r\n\t\t\t<\/h2>\r\n\t\t\t\t\t\t\r\n\t\t\t\t\t\t\r\n\t\t\t\t\t\t<\/div>\r\n\t\t\t\t<\/div>\r\n\t\t\t\t\r\n\t\t\t<\/div>\r\n\t\t\t<\/div>\n\t\t\t\t<\/div>\n\t\t\t<\/div><\/p>\n","protected":false},"author":1,"featured_media":0,"parent":0,"menu_order":0,"comment_status":"closed","ping_status":"closed","template":"","meta":{"_acf_changed":false,"_et_pb_use_builder":"on","_et_pb_old_content":"","_et_gb_content_width":"","footnotes":""},"class_list":["post-240933","page","type-page","status-publish","hentry"],"acf":[],"yoast_head":"<!-- This site is optimized with the Yoast SEO plugin v27.2 - https:\/\/yoast.com\/product\/yoast-seo-wordpress\/ -->\n<title>Team - Los r\u00edos en colores<\/title>\n<meta name=\"robots\" content=\"index, follow, max-snippet:-1, max-image-preview:large, max-video-preview:-1\" \/>\n<link rel=\"canonical\" href=\"https:\/\/losriosencolores.cl\/en\/we-are\/\" \/>\n<meta property=\"og:locale\" content=\"en_US\" \/>\n<meta property=\"og:type\" content=\"article\" \/>\n<meta property=\"og:title\" content=\"Team - Los r\u00edos en colores\" \/>\n<meta property=\"og:description\" content=\"Home &gt; Project &gt; We areTeamThe interdisciplinary team working on this project is made up of academics, professionals and students from Universidad Austral de Chile.\" \/>\n<meta property=\"og:url\" content=\"https:\/\/losriosencolores.cl\/en\/we-are\/\" \/>\n<meta property=\"og:site_name\" content=\"Los r\u00edos en colores\" \/>\n<meta property=\"article:modified_time\" content=\"2025-03-18T13:07:05+00:00\" \/>\n<meta property=\"og:image\" content=\"https:\/\/losriosencolores.cl\/wp-content\/uploads\/2025\/11\/icono-colores.webp\" \/>\n\t<meta property=\"og:image:width\" content=\"675\" \/>\n\t<meta property=\"og:image:height\" content=\"675\" \/>\n\t<meta property=\"og:image:type\" content=\"image\/webp\" \/>\n<meta name=\"twitter:card\" content=\"summary_large_image\" \/>\n<meta name=\"twitter:label1\" content=\"Est. reading time\" \/>\n\t<meta name=\"twitter:data1\" content=\"7 minutes\" \/>\n<script type=\"application\/ld+json\" class=\"yoast-schema-graph\">{\"@context\":\"https:\/\/schema.org\",\"@graph\":[{\"@type\":\"WebPage\",\"@id\":\"https:\/\/losriosencolores.cl\/en\/we-are\/\",\"url\":\"https:\/\/losriosencolores.cl\/en\/we-are\/\",\"name\":\"Team - Los r\u00edos en colores\",\"isPartOf\":{\"@id\":\"https:\/\/losriosencolores.cl\/#website\"},\"datePublished\":\"2024-09-02T20:27:44+00:00\",\"dateModified\":\"2025-03-18T13:07:05+00:00\",\"breadcrumb\":{\"@id\":\"https:\/\/losriosencolores.cl\/en\/we-are\/#breadcrumb\"},\"inLanguage\":\"en-US\",\"potentialAction\":[{\"@type\":\"ReadAction\",\"target\":[\"https:\/\/losriosencolores.cl\/en\/we-are\/\"]}]},{\"@type\":\"BreadcrumbList\",\"@id\":\"https:\/\/losriosencolores.cl\/en\/we-are\/#breadcrumb\",\"itemListElement\":[{\"@type\":\"ListItem\",\"position\":1,\"name\":\"Portada\",\"item\":\"https:\/\/losriosencolores.cl\/en\/home\/\"},{\"@type\":\"ListItem\",\"position\":2,\"name\":\"Team\"}]},{\"@type\":\"WebSite\",\"@id\":\"https:\/\/losriosencolores.cl\/#website\",\"url\":\"https:\/\/losriosencolores.cl\/\",\"name\":\"Los r\u00edos en colores\",\"description\":\"Estudios del color\",\"publisher\":{\"@id\":\"https:\/\/losriosencolores.cl\/#\/schema\/person\/f03a94345678e5a41558d0901e431ed8\"},\"potentialAction\":[{\"@type\":\"SearchAction\",\"target\":{\"@type\":\"EntryPoint\",\"urlTemplate\":\"https:\/\/losriosencolores.cl\/?s={search_term_string}\"},\"query-input\":{\"@type\":\"PropertyValueSpecification\",\"valueRequired\":true,\"valueName\":\"search_term_string\"}}],\"inLanguage\":\"en-US\"},{\"@type\":[\"Person\",\"Organization\"],\"@id\":\"https:\/\/losriosencolores.cl\/#\/schema\/person\/f03a94345678e5a41558d0901e431ed8\",\"name\":\"losriosencolores\",\"image\":{\"@type\":\"ImageObject\",\"inLanguage\":\"en-US\",\"@id\":\"https:\/\/losriosencolores.cl\/wp-content\/uploads\/2025\/11\/avatar.png\",\"url\":\"https:\/\/losriosencolores.cl\/wp-content\/uploads\/2025\/11\/avatar.png\",\"contentUrl\":\"https:\/\/losriosencolores.cl\/wp-content\/uploads\/2025\/11\/avatar.png\",\"width\":696,\"height\":696,\"caption\":\"losriosencolores\"},\"logo\":{\"@id\":\"https:\/\/losriosencolores.cl\/wp-content\/uploads\/2025\/11\/avatar.png\"}}]}<\/script>\n<!-- \/ Yoast SEO plugin. -->","yoast_head_json":{"title":"Team - Los r\u00edos en colores","robots":{"index":"index","follow":"follow","max-snippet":"max-snippet:-1","max-image-preview":"max-image-preview:large","max-video-preview":"max-video-preview:-1"},"canonical":"https:\/\/losriosencolores.cl\/en\/we-are\/","og_locale":"en_US","og_type":"article","og_title":"Team - Los r\u00edos en colores","og_description":"Home &gt; Project &gt; We areTeamThe interdisciplinary team working on this project is made up of academics, professionals and students from Universidad Austral de Chile.","og_url":"https:\/\/losriosencolores.cl\/en\/we-are\/","og_site_name":"Los r\u00edos en colores","article_modified_time":"2025-03-18T13:07:05+00:00","og_image":[{"width":675,"height":675,"url":"https:\/\/losriosencolores.cl\/wp-content\/uploads\/2025\/11\/icono-colores.webp","type":"image\/webp"}],"twitter_card":"summary_large_image","twitter_misc":{"Est. reading time":"7 minutes"},"schema":{"@context":"https:\/\/schema.org","@graph":[{"@type":"WebPage","@id":"https:\/\/losriosencolores.cl\/en\/we-are\/","url":"https:\/\/losriosencolores.cl\/en\/we-are\/","name":"Team - Los r\u00edos en colores","isPartOf":{"@id":"https:\/\/losriosencolores.cl\/#website"},"datePublished":"2024-09-02T20:27:44+00:00","dateModified":"2025-03-18T13:07:05+00:00","breadcrumb":{"@id":"https:\/\/losriosencolores.cl\/en\/we-are\/#breadcrumb"},"inLanguage":"en-US","potentialAction":[{"@type":"ReadAction","target":["https:\/\/losriosencolores.cl\/en\/we-are\/"]}]},{"@type":"BreadcrumbList","@id":"https:\/\/losriosencolores.cl\/en\/we-are\/#breadcrumb","itemListElement":[{"@type":"ListItem","position":1,"name":"Portada","item":"https:\/\/losriosencolores.cl\/en\/home\/"},{"@type":"ListItem","position":2,"name":"Team"}]},{"@type":"WebSite","@id":"https:\/\/losriosencolores.cl\/#website","url":"https:\/\/losriosencolores.cl\/","name":"Los r\u00edos en colores","description":"Estudios del color","publisher":{"@id":"https:\/\/losriosencolores.cl\/#\/schema\/person\/f03a94345678e5a41558d0901e431ed8"},"potentialAction":[{"@type":"SearchAction","target":{"@type":"EntryPoint","urlTemplate":"https:\/\/losriosencolores.cl\/?s={search_term_string}"},"query-input":{"@type":"PropertyValueSpecification","valueRequired":true,"valueName":"search_term_string"}}],"inLanguage":"en-US"},{"@type":["Person","Organization"],"@id":"https:\/\/losriosencolores.cl\/#\/schema\/person\/f03a94345678e5a41558d0901e431ed8","name":"losriosencolores","image":{"@type":"ImageObject","inLanguage":"en-US","@id":"https:\/\/losriosencolores.cl\/wp-content\/uploads\/2025\/11\/avatar.png","url":"https:\/\/losriosencolores.cl\/wp-content\/uploads\/2025\/11\/avatar.png","contentUrl":"https:\/\/losriosencolores.cl\/wp-content\/uploads\/2025\/11\/avatar.png","width":696,"height":696,"caption":"losriosencolores"},"logo":{"@id":"https:\/\/losriosencolores.cl\/wp-content\/uploads\/2025\/11\/avatar.png"}}]}},"_links":{"self":[{"href":"https:\/\/losriosencolores.cl\/en\/wp-json\/wp\/v2\/pages\/240933","targetHints":{"allow":["GET"]}}],"collection":[{"href":"https:\/\/losriosencolores.cl\/en\/wp-json\/wp\/v2\/pages"}],"about":[{"href":"https:\/\/losriosencolores.cl\/en\/wp-json\/wp\/v2\/types\/page"}],"author":[{"embeddable":true,"href":"https:\/\/losriosencolores.cl\/en\/wp-json\/wp\/v2\/users\/1"}],"replies":[{"embeddable":true,"href":"https:\/\/losriosencolores.cl\/en\/wp-json\/wp\/v2\/comments?post=240933"}],"version-history":[{"count":28,"href":"https:\/\/losriosencolores.cl\/en\/wp-json\/wp\/v2\/pages\/240933\/revisions"}],"predecessor-version":[{"id":241747,"href":"https:\/\/losriosencolores.cl\/en\/wp-json\/wp\/v2\/pages\/240933\/revisions\/241747"}],"wp:attachment":[{"href":"https:\/\/losriosencolores.cl\/en\/wp-json\/wp\/v2\/media?parent=240933"}],"curies":[{"name":"wp","href":"https:\/\/api.w.org\/{rel}","templated":true}]}}