{"id":240914,"date":"2024-09-11T19:52:42","date_gmt":"2024-09-11T17:52:42","guid":{"rendered":"https:\/\/losriosencolores.cl\/exhibitions\/"},"modified":"2025-03-13T14:42:45","modified_gmt":"2025-03-13T13:42:45","slug":"exhibitions","status":"publish","type":"page","link":"https:\/\/losriosencolores.cl\/en\/exhibitions\/","title":{"rendered":"Exhibitions"},"content":{"rendered":"<p>[et_pb_section fb_built=&#8221;1&#8243; _builder_version=&#8221;4.27.0&#8243; _module_preset=&#8221;default&#8221; custom_padding=&#8221;0px||140px||false|false&#8221; global_colors_info=&#8221;{}&#8221;][et_pb_row _builder_version=&#8221;4.27.0&#8243; _module_preset=&#8221;default&#8221; custom_margin=&#8221;||||false|false&#8221; border_color_all=&#8221;rgba(47,47,47,0.49)&#8221; border_width_top=&#8221;0.5px&#8221; global_colors_info=&#8221;{}&#8221;][et_pb_column type=&#8221;4_4&#8243; _builder_version=&#8221;4.27.0&#8243; _module_preset=&#8221;default&#8221; global_colors_info=&#8221;{}&#8221;][et_pb_text _builder_version=&#8221;4.27.0&#8243; _module_preset=&#8221;default&#8221; background_enable_color=&#8221;off&#8221; global_colors_info=&#8221;{}&#8221;]<a href=\"https:\/\/www.losriosencolores.cl\">Home<\/a> &gt; Links &gt; <span style=\"color: #5173ad;\">Exhibitions<\/span>[\/et_pb_text][\/et_pb_column][\/et_pb_row][et_pb_row _builder_version=&#8221;4.27.0&#8243; _module_preset=&#8221;default&#8221; global_colors_info=&#8221;{}&#8221;][et_pb_column type=&#8221;4_4&#8243; _builder_version=&#8221;4.27.0&#8243; _module_preset=&#8221;default&#8221; global_colors_info=&#8221;{}&#8221;][et_pb_text _builder_version=&#8221;4.27.4&#8243; _module_preset=&#8221;default&#8221; header_font=&#8221;||||||||&#8221; header_2_font=&#8221;Manrope|800||on|||||&#8221; header_2_text_color=&#8221;#1f69c6&#8243; header_2_font_size=&#8221;44px&#8221; header_2_line_height=&#8221;1.3em&#8221; custom_margin=&#8221;-5px||||false|false&#8221; custom_padding=&#8221;||||false|false&#8221; animation_style=&#8221;slide&#8221; animation_direction=&#8221;bottom&#8221; animation_intensity_slide=&#8221;10%&#8221; header_2_font_size_tablet=&#8221;44px&#8221; header_2_font_size_phone=&#8221;36px&#8221; header_2_font_size_last_edited=&#8221;on|phone&#8221; global_colors_info=&#8221;{}&#8221;]<\/p>\n<h2>Exhibitions<\/h2>\n<p>[\/et_pb_text][\/et_pb_column][\/et_pb_row][et_pb_row column_structure=&#8221;1_3,2_3&#8243; module_id=&#8221;paisajes&#8221; _builder_version=&#8221;4.27.0&#8243; _module_preset=&#8221;default&#8221; global_colors_info=&#8221;{}&#8221;][et_pb_column type=&#8221;1_3&#8243; _builder_version=&#8221;4.27.0&#8243; _module_preset=&#8221;default&#8221; global_colors_info=&#8221;{}&#8221;][et_pb_text _builder_version=&#8221;4.27.4&#8243; _module_preset=&#8221;default&#8221; header_font=&#8221;||||||||&#8221; header_2_font=&#8221;Manrope|800||on|||||&#8221; header_2_text_color=&#8221;#5173AD&#8221; header_2_font_size=&#8221;44px&#8221; header_2_letter_spacing=&#8221;3px&#8221; header_2_line_height=&#8221;1.3em&#8221; header_3_font=&#8221;Bitter|300|||||||&#8221; header_3_text_color=&#8221;#1f69c6&#8243; header_3_font_size=&#8221;24px&#8221; custom_margin=&#8221;-5px||||false|false&#8221; custom_padding=&#8221;||||false|false&#8221; animation_style=&#8221;slide&#8221; animation_direction=&#8221;bottom&#8221; animation_intensity_slide=&#8221;10%&#8221; header_2_font_size_tablet=&#8221;44px&#8221; header_2_font_size_phone=&#8221;36px&#8221; header_2_font_size_last_edited=&#8221;on|phone&#8221; global_colors_info=&#8221;{}&#8221;]<\/p>\n<h3>Replica Gallery<\/h3>\n<p>[\/et_pb_text][\/et_pb_column][et_pb_column type=&#8221;2_3&#8243; _builder_version=&#8221;4.27.0&#8243; _module_preset=&#8221;default&#8221; global_colors_info=&#8221;{}&#8221;][et_pb_text _builder_version=&#8221;4.27.4&#8243; _module_preset=&#8221;default&#8221; hover_enabled=&#8221;0&#8243; global_colors_info=&#8221;{}&#8221; sticky_enabled=&#8221;0&#8243;]In May 2024, the exhibition &#8220;Los R\u00edos en Colores&#8221; was inaugurated at the Galer\u00eda R\u00e9plica of the Universidad Austral de Chile. The exhibition included 13 panels with the 208 colors of the project, the color mandala, 40 color palettes, 35 watercolors, a sample of soils of different colors from the region, a color map, a table with rocks of different shades, and a table with the project\u2019s work implements.[\/et_pb_text][et_pb_gallery gallery_ids=&#8221;240764,240765,240766,240767,240768,240769,240770,240771,240772,240773,240774,240825&#8243; posts_number=&#8221;20&#8243; show_title_and_caption=&#8221;off&#8221; show_pagination=&#8221;off&#8221; zoom_icon_color=&#8221;#FFFFFF&#8221; hover_overlay_color=&#8221;rgba(81,115,173,0.6)&#8221; module_class=&#8221;pa-image-gallery-1-1&#8243; _builder_version=&#8221;4.27.0&#8243; _module_preset=&#8221;default&#8221; custom_margin=&#8221;||50px|||&#8221; global_colors_info=&#8221;{}&#8221;][\/et_pb_gallery][et_pb_button button_text=&#8221;Downloadable catalog here&#8221; disabled_on=&#8221;on|on|on&#8221; _builder_version=&#8221;4.27.0&#8243; _module_preset=&#8221;default&#8221; custom_button=&#8221;on&#8221; button_text_size=&#8221;16px&#8221; button_text_color=&#8221;#FFFFFF&#8221; button_bg_color=&#8221;#5173AD&#8221; button_border_width=&#8221;0px&#8221; button_border_radius=&#8221;30px&#8221; button_on_hover=&#8221;off&#8221; custom_padding=&#8221;12px|46px|12px|46px|true|true&#8221; disabled=&#8221;on&#8221; global_colors_info=&#8221;{}&#8221;][\/et_pb_button][\/et_pb_column][\/et_pb_row][\/et_pb_section]<\/p>\n","protected":false},"excerpt":{"rendered":"<p>Home &gt; Links &gt; ExhibitionsExhibitionsReplica GalleryIn May 2024, the exhibition &#8220;Los R\u00edos en Colores&#8221; was inaugurated at the Galer\u00eda R\u00e9plica of the Universidad Austral de Chile. The exhibition included 13 panels with the 208 colors of the project, the color mandala, 40 color palettes, 35 watercolors, a sample of soils of different colors from the [&hellip;]<\/p>\n","protected":false},"author":1,"featured_media":0,"parent":0,"menu_order":0,"comment_status":"closed","ping_status":"closed","template":"","meta":{"_acf_changed":false,"_et_pb_use_builder":"on","_et_pb_old_content":"","_et_gb_content_width":"","footnotes":""},"class_list":["post-240914","page","type-page","status-publish","hentry"],"acf":[],"yoast_head":"<!-- This site is optimized with the Yoast SEO plugin v27.2 - https:\/\/yoast.com\/product\/yoast-seo-wordpress\/ -->\n<title>Exhibitions - Los r\u00edos en colores<\/title>\n<meta name=\"robots\" content=\"index, follow, max-snippet:-1, max-image-preview:large, max-video-preview:-1\" \/>\n<link rel=\"canonical\" href=\"https:\/\/losriosencolores.cl\/en\/exhibitions\/\" \/>\n<meta property=\"og:locale\" content=\"en_US\" \/>\n<meta property=\"og:type\" content=\"article\" \/>\n<meta property=\"og:title\" content=\"Exhibitions - Los r\u00edos en colores\" \/>\n<meta property=\"og:description\" content=\"Home &gt; Links &gt; ExhibitionsExhibitionsReplica GalleryIn May 2024, the exhibition &quot;Los R\u00edos en Colores&quot; was inaugurated at the Galer\u00eda R\u00e9plica of the Universidad Austral de Chile. The exhibition included 13 panels with the 208 colors of the project, the color mandala, 40 color palettes, 35 watercolors, a sample of soils of different colors from the [&hellip;]\" \/>\n<meta property=\"og:url\" content=\"https:\/\/losriosencolores.cl\/en\/exhibitions\/\" \/>\n<meta property=\"og:site_name\" content=\"Los r\u00edos en colores\" \/>\n<meta property=\"article:modified_time\" content=\"2025-03-13T13:42:45+00:00\" \/>\n<meta property=\"og:image\" content=\"https:\/\/losriosencolores.cl\/wp-content\/uploads\/2025\/11\/icono-colores.webp\" \/>\n\t<meta property=\"og:image:width\" content=\"675\" \/>\n\t<meta property=\"og:image:height\" content=\"675\" \/>\n\t<meta property=\"og:image:type\" content=\"image\/webp\" \/>\n<meta name=\"twitter:card\" content=\"summary_large_image\" \/>\n<meta name=\"twitter:label1\" content=\"Est. reading time\" \/>\n\t<meta name=\"twitter:data1\" content=\"3 minutes\" \/>\n<script type=\"application\/ld+json\" class=\"yoast-schema-graph\">{\"@context\":\"https:\/\/schema.org\",\"@graph\":[{\"@type\":\"WebPage\",\"@id\":\"https:\/\/losriosencolores.cl\/en\/exhibitions\/\",\"url\":\"https:\/\/losriosencolores.cl\/en\/exhibitions\/\",\"name\":\"Exhibitions - Los r\u00edos en colores\",\"isPartOf\":{\"@id\":\"https:\/\/losriosencolores.cl\/#website\"},\"datePublished\":\"2024-09-11T17:52:42+00:00\",\"dateModified\":\"2025-03-13T13:42:45+00:00\",\"breadcrumb\":{\"@id\":\"https:\/\/losriosencolores.cl\/en\/exhibitions\/#breadcrumb\"},\"inLanguage\":\"en-US\",\"potentialAction\":[{\"@type\":\"ReadAction\",\"target\":[\"https:\/\/losriosencolores.cl\/en\/exhibitions\/\"]}]},{\"@type\":\"BreadcrumbList\",\"@id\":\"https:\/\/losriosencolores.cl\/en\/exhibitions\/#breadcrumb\",\"itemListElement\":[{\"@type\":\"ListItem\",\"position\":1,\"name\":\"Portada\",\"item\":\"https:\/\/losriosencolores.cl\/en\/home\/\"},{\"@type\":\"ListItem\",\"position\":2,\"name\":\"Exhibitions\"}]},{\"@type\":\"WebSite\",\"@id\":\"https:\/\/losriosencolores.cl\/#website\",\"url\":\"https:\/\/losriosencolores.cl\/\",\"name\":\"Los r\u00edos en colores\",\"description\":\"Estudios del color\",\"publisher\":{\"@id\":\"https:\/\/losriosencolores.cl\/#\/schema\/person\/f03a94345678e5a41558d0901e431ed8\"},\"potentialAction\":[{\"@type\":\"SearchAction\",\"target\":{\"@type\":\"EntryPoint\",\"urlTemplate\":\"https:\/\/losriosencolores.cl\/?s={search_term_string}\"},\"query-input\":{\"@type\":\"PropertyValueSpecification\",\"valueRequired\":true,\"valueName\":\"search_term_string\"}}],\"inLanguage\":\"en-US\"},{\"@type\":[\"Person\",\"Organization\"],\"@id\":\"https:\/\/losriosencolores.cl\/#\/schema\/person\/f03a94345678e5a41558d0901e431ed8\",\"name\":\"losriosencolores\",\"image\":{\"@type\":\"ImageObject\",\"inLanguage\":\"en-US\",\"@id\":\"https:\/\/losriosencolores.cl\/wp-content\/uploads\/2025\/11\/avatar.png\",\"url\":\"https:\/\/losriosencolores.cl\/wp-content\/uploads\/2025\/11\/avatar.png\",\"contentUrl\":\"https:\/\/losriosencolores.cl\/wp-content\/uploads\/2025\/11\/avatar.png\",\"width\":696,\"height\":696,\"caption\":\"losriosencolores\"},\"logo\":{\"@id\":\"https:\/\/losriosencolores.cl\/wp-content\/uploads\/2025\/11\/avatar.png\"}}]}<\/script>\n<!-- \/ Yoast SEO plugin. -->","yoast_head_json":{"title":"Exhibitions - Los r\u00edos en colores","robots":{"index":"index","follow":"follow","max-snippet":"max-snippet:-1","max-image-preview":"max-image-preview:large","max-video-preview":"max-video-preview:-1"},"canonical":"https:\/\/losriosencolores.cl\/en\/exhibitions\/","og_locale":"en_US","og_type":"article","og_title":"Exhibitions - Los r\u00edos en colores","og_description":"Home &gt; Links &gt; ExhibitionsExhibitionsReplica GalleryIn May 2024, the exhibition \"Los R\u00edos en Colores\" was inaugurated at the Galer\u00eda R\u00e9plica of the Universidad Austral de Chile. The exhibition included 13 panels with the 208 colors of the project, the color mandala, 40 color palettes, 35 watercolors, a sample of soils of different colors from the [&hellip;]","og_url":"https:\/\/losriosencolores.cl\/en\/exhibitions\/","og_site_name":"Los r\u00edos en colores","article_modified_time":"2025-03-13T13:42:45+00:00","og_image":[{"width":675,"height":675,"url":"https:\/\/losriosencolores.cl\/wp-content\/uploads\/2025\/11\/icono-colores.webp","type":"image\/webp"}],"twitter_card":"summary_large_image","twitter_misc":{"Est. reading time":"3 minutes"},"schema":{"@context":"https:\/\/schema.org","@graph":[{"@type":"WebPage","@id":"https:\/\/losriosencolores.cl\/en\/exhibitions\/","url":"https:\/\/losriosencolores.cl\/en\/exhibitions\/","name":"Exhibitions - Los r\u00edos en colores","isPartOf":{"@id":"https:\/\/losriosencolores.cl\/#website"},"datePublished":"2024-09-11T17:52:42+00:00","dateModified":"2025-03-13T13:42:45+00:00","breadcrumb":{"@id":"https:\/\/losriosencolores.cl\/en\/exhibitions\/#breadcrumb"},"inLanguage":"en-US","potentialAction":[{"@type":"ReadAction","target":["https:\/\/losriosencolores.cl\/en\/exhibitions\/"]}]},{"@type":"BreadcrumbList","@id":"https:\/\/losriosencolores.cl\/en\/exhibitions\/#breadcrumb","itemListElement":[{"@type":"ListItem","position":1,"name":"Portada","item":"https:\/\/losriosencolores.cl\/en\/home\/"},{"@type":"ListItem","position":2,"name":"Exhibitions"}]},{"@type":"WebSite","@id":"https:\/\/losriosencolores.cl\/#website","url":"https:\/\/losriosencolores.cl\/","name":"Los r\u00edos en colores","description":"Estudios del color","publisher":{"@id":"https:\/\/losriosencolores.cl\/#\/schema\/person\/f03a94345678e5a41558d0901e431ed8"},"potentialAction":[{"@type":"SearchAction","target":{"@type":"EntryPoint","urlTemplate":"https:\/\/losriosencolores.cl\/?s={search_term_string}"},"query-input":{"@type":"PropertyValueSpecification","valueRequired":true,"valueName":"search_term_string"}}],"inLanguage":"en-US"},{"@type":["Person","Organization"],"@id":"https:\/\/losriosencolores.cl\/#\/schema\/person\/f03a94345678e5a41558d0901e431ed8","name":"losriosencolores","image":{"@type":"ImageObject","inLanguage":"en-US","@id":"https:\/\/losriosencolores.cl\/wp-content\/uploads\/2025\/11\/avatar.png","url":"https:\/\/losriosencolores.cl\/wp-content\/uploads\/2025\/11\/avatar.png","contentUrl":"https:\/\/losriosencolores.cl\/wp-content\/uploads\/2025\/11\/avatar.png","width":696,"height":696,"caption":"losriosencolores"},"logo":{"@id":"https:\/\/losriosencolores.cl\/wp-content\/uploads\/2025\/11\/avatar.png"}}]}},"_links":{"self":[{"href":"https:\/\/losriosencolores.cl\/en\/wp-json\/wp\/v2\/pages\/240914","targetHints":{"allow":["GET"]}}],"collection":[{"href":"https:\/\/losriosencolores.cl\/en\/wp-json\/wp\/v2\/pages"}],"about":[{"href":"https:\/\/losriosencolores.cl\/en\/wp-json\/wp\/v2\/types\/page"}],"author":[{"embeddable":true,"href":"https:\/\/losriosencolores.cl\/en\/wp-json\/wp\/v2\/users\/1"}],"replies":[{"embeddable":true,"href":"https:\/\/losriosencolores.cl\/en\/wp-json\/wp\/v2\/comments?post=240914"}],"version-history":[{"count":24,"href":"https:\/\/losriosencolores.cl\/en\/wp-json\/wp\/v2\/pages\/240914\/revisions"}],"predecessor-version":[{"id":241659,"href":"https:\/\/losriosencolores.cl\/en\/wp-json\/wp\/v2\/pages\/240914\/revisions\/241659"}],"wp:attachment":[{"href":"https:\/\/losriosencolores.cl\/en\/wp-json\/wp\/v2\/media?parent=240914"}],"curies":[{"name":"wp","href":"https:\/\/api.w.org\/{rel}","templated":true}]}}